{"id":9,"date":"2026-04-20T17:04:04","date_gmt":"2026-04-20T17:04:04","guid":{"rendered":"https:\/\/serconam.sltm.ca\/?page_id=9"},"modified":"2026-04-20T20:02:38","modified_gmt":"2026-04-20T20:02:38","slug":"accueil","status":"publish","type":"page","link":"https:\/\/serconam.sltm.ca\/","title":{"rendered":"Accueil"},"content":{"rendered":"\t\t<div data-elementor-type=\"wp-page\" data-elementor-id=\"9\" class=\"elementor elementor-9\" data-elementor-post-type=\"page\">\n\t\t\t\t<div class=\"elementor-element elementor-element-931641b e-flex e-con-boxed e-con e-parent\" data-id=\"931641b\" data-element_type=\"container\" data-e-type=\"container\" data-settings=\"{&quot;background_background&quot;:&quot;classic&quot;}\">\n\t\t\t\t\t<div class=\"e-con-inner\">\n\t\t\t\t<div class=\"elementor-element elementor-element-e499e31 elementor-widget__width-initial elementor-widget elementor-widget-heading\" data-id=\"e499e31\" data-element_type=\"widget\" data-e-type=\"widget\" data-widget_type=\"heading.default\">\n\t\t\t\t\t<h2 class=\"elementor-heading-title elementor-size-default\">Votre assurance collective vous co\u00fbte trop cher?<\/h2>\t\t\t\t<\/div>\n\t\t\t\t<div class=\"elementor-element elementor-element-f714464 elementor-widget elementor-widget-text-editor\" data-id=\"f714464\" data-element_type=\"widget\" data-e-type=\"widget\" data-widget_type=\"text-editor.default\">\n\t\t\t\t\t\t\t\t\t<p>Il existe une meilleure option.<\/p>\t\t\t\t\t\t\t\t<\/div>\n\t\t\t\t<div class=\"elementor-element elementor-element-ad59a4c elementor-widget elementor-widget-button\" data-id=\"ad59a4c\" data-element_type=\"widget\" data-e-type=\"widget\" data-widget_type=\"button.default\">\n\t\t\t\t\t\t\t\t\t\t<a class=\"elementor-button elementor-button-link elementor-size-sm\" href=\"#contact\">\n\t\t\t\t\t\t<span class=\"elementor-button-content-wrapper\">\n\t\t\t\t\t\t\t\t\t<span class=\"elementor-button-text\">Obtenir mon comparatif gratuit<\/span>\n\t\t\t\t\t<\/span>\n\t\t\t\t\t<\/a>\n\t\t\t\t\t\t\t\t<\/div>\n\t\t\t\t\t<\/div>\n\t\t\t\t<\/div>\n\t\t<div class=\"elementor-element elementor-element-9724ed7 e-flex e-con-boxed e-con e-parent\" data-id=\"9724ed7\" data-element_type=\"container\" data-e-type=\"container\">\n\t\t\t\t\t<div class=\"e-con-inner\">\n\t\t\t\t<div class=\"elementor-element elementor-element-965ddc8 elementor-widget elementor-widget-html\" data-id=\"965ddc8\" data-element_type=\"widget\" data-e-type=\"widget\" data-widget_type=\"html.default\">\n\t\t\t\t\t<div class=\"marquee-wrapper\">\n  <div class=\"marquee-track\">\n    <span>Gratuit<\/span>\n    <span>\u2022<\/span>\n    <span>Sans engagement<\/span>\n    <span>\u2022<\/span>\n    <span>30 minutes<\/span>\n    <span>\u2022<\/span>\n    <span>Conseillers sp\u00e9cialis\u00e9s<\/span>\n    <span>\u2022<\/span>\n    <span>Gratuit<\/span>\n    <span>\u2022<\/span>\n    <span>Sans engagement<\/span>\n    <span>\u2022<\/span>\n    <span>30 minutes<\/span>\n    <span>\u2022<\/span>\n    <span>Conseillers sp\u00e9cialis\u00e9s<\/span>\n    <span>\u2022<\/span>\n  <\/div>\n<\/div>\n\n<style>\n.marquee-wrapper {\n  background: #CD972C;\n  overflow: hidden;\n  padding: 14px 0;\n  white-space: nowrap;\n}\n.marquee-track {\n  display: inline-block;\n  animation: marquee 20s linear infinite;\n}\n.marquee-track span {\n  color: #ffffff;\n  font-family: 'Montserrat', sans-serif;\n  font-size: 24px;\n  font-style: normal;\n  font-weight: 500;\n  line-height: normal;\n  margin: 0 28px;\n}\n@keyframes marquee {\n  0% { transform: translateX(0); }\n  100% { transform: translateX(-50%); }\n}\n<\/style>\t\t\t\t<\/div>\n\t\t\t\t<div class=\"elementor-element elementor-element-891a6bd elementor-widget elementor-widget-html\" data-id=\"891a6bd\" data-element_type=\"widget\" data-e-type=\"widget\" data-widget_type=\"html.default\">\n\t\t\t\t\t<div class=\"logos-marquee-wrapper\">\n  <div class=\"logos-marquee-track\">\n    <img decoding=\"async\" src=\"https:\/\/serconam.sltm.ca\/wp-content\/uploads\/2026\/04\/Mask-group-5.svg\" alt=\"Logo 1\">\n    <img decoding=\"async\" src=\"https:\/\/serconam.sltm.ca\/wp-content\/uploads\/2026\/04\/Mask-group-3.svg\" alt=\"Logo 2\">\n    <img decoding=\"async\" src=\"https:\/\/serconam.sltm.ca\/wp-content\/uploads\/2026\/04\/Mask-group-1.svg\" alt=\"Logo 3\">\n    <img decoding=\"async\" src=\"https:\/\/serconam.sltm.ca\/wp-content\/uploads\/2026\/04\/CCIVS_Logo_Blanc-1.svg\" alt=\"CCIVS\">\n    <img decoding=\"async\" src=\"https:\/\/serconam.sltm.ca\/wp-content\/uploads\/2026\/04\/Mask-group-5.svg\" alt=\"Logo 1\">\n    <img decoding=\"async\" src=\"https:\/\/serconam.sltm.ca\/wp-content\/uploads\/2026\/04\/Mask-group-3.svg\" alt=\"Logo 2\">\n    <img decoding=\"async\" src=\"https:\/\/serconam.sltm.ca\/wp-content\/uploads\/2026\/04\/Mask-group-1.svg\" alt=\"Logo 3\">\n    <img decoding=\"async\" src=\"https:\/\/serconam.sltm.ca\/wp-content\/uploads\/2026\/04\/CCIVS_Logo_Blanc-1.svg\" alt=\"CCIVS\">\n  <\/div>\n<\/div>\n\n<style>\n.logos-marquee-wrapper {\n  background: #86968F;\n  overflow: hidden;\n  padding: 60px 0;\n  white-space: nowrap;\n}\n.logos-marquee-track {\n  display: inline-flex;\n  align-items: center;\n  gap: 60px;\n  animation: marquee-right 20s linear infinite;\n}\n.logos-marquee-track img {\n  height:auto;\n  width: auto;\n  flex-shrink: 0;\n}\n@keyframes marquee-right {\n  0% { transform: translateX(-50%); }\n  100% { transform: translateX(0); }\n}\n<\/style>\t\t\t\t<\/div>\n\t\t\t\t\t<\/div>\n\t\t\t\t<\/div>\n\t\t<div class=\"elementor-element elementor-element-3a19ef9 e-flex e-con-boxed e-con e-parent\" data-id=\"3a19ef9\" data-element_type=\"container\" data-e-type=\"container\">\n\t\t\t\t\t<div class=\"e-con-inner\">\n\t\t\t\t<div class=\"elementor-element elementor-element-7e1a24a elementor-widget elementor-widget-image\" data-id=\"7e1a24a\" data-element_type=\"widget\" data-e-type=\"widget\" data-widget_type=\"image.default\">\n\t\t\t\t\t\t\t\t\t\t\t\t\t\t\t<img decoding=\"async\" width=\"557\" height=\"86\" src=\"https:\/\/serconam.sltm.ca\/wp-content\/uploads\/2026\/04\/Group-30-2.svg\" class=\"attachment-full size-full wp-image-73\" alt=\"\" \/>\t\t\t\t\t\t\t\t\t\t\t\t\t\t\t<\/div>\n\t\t<div class=\"elementor-element elementor-element-e080e36 e-con-full e-flex e-con e-child\" data-id=\"e080e36\" data-element_type=\"container\" data-e-type=\"container\">\n\t\t<div class=\"elementor-element elementor-element-1520034 e-con-full e-flex e-con e-child\" data-id=\"1520034\" data-element_type=\"container\" data-e-type=\"container\">\n\t\t\t\t<div class=\"elementor-element elementor-element-925b771 elementor-widget elementor-widget-heading\" data-id=\"925b771\" data-element_type=\"widget\" data-e-type=\"widget\" data-widget_type=\"heading.default\">\n\t\t\t\t\t<h2 class=\"elementor-heading-title elementor-size-default\">Pourquoi les PME choisissent le R\u00e9gime des chambres\u2028de commerce<\/h2>\t\t\t\t<\/div>\n\t\t\t\t<div class=\"elementor-element elementor-element-0c98204 elementor-widget__width-initial elementor-widget elementor-widget-text-editor\" data-id=\"0c98204\" data-element_type=\"widget\" data-e-type=\"widget\" data-widget_type=\"text-editor.default\">\n\t\t\t\t\t\t\t\t\t<p>Le plus grand regroupement d&#8217;assurance collective pour PME au Canada et Serconam est votre porte d&#8217;entr\u00e9e.<\/p>\t\t\t\t\t\t\t\t<\/div>\n\t\t\t\t<div class=\"elementor-element elementor-element-6f75563 elementor-widget__width-initial elementor-widget elementor-widget-text-editor\" data-id=\"6f75563\" data-element_type=\"widget\" data-e-type=\"widget\" data-widget_type=\"text-editor.default\">\n\t\t\t\t\t\t\t\t\t<ul><li><strong>Fonctionnement \u00e0 but non lucratif<\/strong><br \/>Les surplus restent dans le R\u00e9gime et font baisser vos primes. Pas de profits sur votre dos.<\/li><li><strong>Accessibles aux PME\u2028<\/strong><br \/>\u00c9conomies d&#8217;\u00e9chelle comparables aux grandes entreprises.<\/li><li><strong>Plusieurs options de plan<\/strong><br \/>Vos besoins et votre budget sont pris en consid\u00e9ration.<\/li><li><strong>Stabilit\u00e9 des co\u00fbts incomparable<br \/><\/strong>Augmentation moyenne de 7%.<\/li><li><strong>T\u00e9l\u00e9m\u00e9decine incluse\u2028<\/strong><br \/>Consultations illimit\u00e9es avec un m\u00e9decin, 24h\/7j, via Teladoc. Sant\u00e9 mentale incluse aussi.<\/li><li><strong>Programme d&#8217;aide \u00e0 l&#8217;entreprise<\/strong><br \/>\u20289h\/an de soutien RH, juridique et comptable\u2028+ 3h de coaching en leadership. Inclus, pas en extra.<\/li><li><strong>Compte mieux-\u00eatre<\/strong><br \/>disponible\u2028Gym, sports, scolarit\u00e9, transport en commun, et plus. Un avantage concurrentiel pour l&#8217;attraction de talents.<\/li><\/ul>\t\t\t\t\t\t\t\t<\/div>\n\t\t\t\t<div class=\"elementor-element elementor-element-bc9fd53 elementor-widget elementor-widget-button\" data-id=\"bc9fd53\" data-element_type=\"widget\" data-e-type=\"widget\" data-widget_type=\"button.default\">\n\t\t\t\t\t\t\t\t\t\t<a class=\"elementor-button elementor-button-link elementor-size-sm\" href=\"#contact\">\n\t\t\t\t\t\t<span class=\"elementor-button-content-wrapper\">\n\t\t\t\t\t\t\t\t\t<span class=\"elementor-button-text\">V\u00e9rifier si mon entreprise est \u00e9ligible<\/span>\n\t\t\t\t\t<\/span>\n\t\t\t\t\t<\/a>\n\t\t\t\t\t\t\t\t<\/div>\n\t\t\t\t<\/div>\n\t\t<div class=\"elementor-element elementor-element-b0437a3 e-con-full e-flex e-con e-child\" data-id=\"b0437a3\" data-element_type=\"container\" data-e-type=\"container\">\n\t\t<div class=\"elementor-element elementor-element-128ce73 e-con-full e-flex e-con e-child\" data-id=\"128ce73\" data-element_type=\"container\" data-e-type=\"container\" data-settings=\"{&quot;background_background&quot;:&quot;classic&quot;}\">\n\t\t\t\t<div class=\"elementor-element elementor-element-0ea932a elementor-widget elementor-widget-heading\" data-id=\"0ea932a\" data-element_type=\"widget\" data-e-type=\"widget\" data-widget_type=\"heading.default\">\n\t\t\t\t\t<h2 class=\"elementor-heading-title elementor-size-default\">40 ans<\/h2>\t\t\t\t<\/div>\n\t\t\t\t<div class=\"elementor-element elementor-element-9fa39ec elementor-widget elementor-widget-text-editor\" data-id=\"9fa39ec\" data-element_type=\"widget\" data-e-type=\"widget\" data-widget_type=\"text-editor.default\">\n\t\t\t\t\t\t\t\t\t<p>au canada<\/p>\t\t\t\t\t\t\t\t<\/div>\n\t\t\t\t<\/div>\n\t\t<div class=\"elementor-element elementor-element-b71f912 e-con-full e-flex e-con e-child\" data-id=\"b71f912\" data-element_type=\"container\" data-e-type=\"container\" data-settings=\"{&quot;background_background&quot;:&quot;classic&quot;}\">\n\t\t\t\t<div class=\"elementor-element elementor-element-0518dd8 elementor-widget elementor-widget-heading\" data-id=\"0518dd8\" data-element_type=\"widget\" data-e-type=\"widget\" data-widget_type=\"heading.default\">\n\t\t\t\t\t<h2 class=\"elementor-heading-title elementor-size-default\">35 000+<\/h2>\t\t\t\t<\/div>\n\t\t\t\t<div class=\"elementor-element elementor-element-83f3ffb elementor-widget elementor-widget-text-editor\" data-id=\"83f3ffb\" data-element_type=\"widget\" data-e-type=\"widget\" data-widget_type=\"text-editor.default\">\n\t\t\t\t\t\t\t\t\t<p>entreprises\u2028assur\u00e9es<\/p>\t\t\t\t\t\t\t\t<\/div>\n\t\t\t\t<\/div>\n\t\t<div class=\"elementor-element elementor-element-5d37f0d e-con-full e-flex e-con e-child\" data-id=\"5d37f0d\" data-element_type=\"container\" data-e-type=\"container\" data-settings=\"{&quot;background_background&quot;:&quot;classic&quot;}\">\n\t\t\t\t<div class=\"elementor-element elementor-element-6daaba2 elementor-widget elementor-widget-heading\" data-id=\"6daaba2\" data-element_type=\"widget\" data-e-type=\"widget\" data-widget_type=\"heading.default\">\n\t\t\t\t\t<h2 class=\"elementor-heading-title elementor-size-default\">10% \u00e0 50%<\/h2>\t\t\t\t<\/div>\n\t\t\t\t<div class=\"elementor-element elementor-element-ad58083 elementor-widget elementor-widget-text-editor\" data-id=\"ad58083\" data-element_type=\"widget\" data-e-type=\"widget\" data-widget_type=\"text-editor.default\">\n\t\t\t\t\t\t\t\t\t<p>d\u2019\u00e9pargne<\/p>\t\t\t\t\t\t\t\t<\/div>\n\t\t\t\t<\/div>\n\t\t\t\t<\/div>\n\t\t\t\t<\/div>\n\t\t\t\t\t<\/div>\n\t\t\t\t<\/div>\n\t\t<div class=\"elementor-element elementor-element-f76e710 e-flex e-con-boxed e-con e-parent\" data-id=\"f76e710\" data-element_type=\"container\" data-e-type=\"container\">\n\t\t\t\t\t<div class=\"e-con-inner\">\n\t\t<div class=\"elementor-element elementor-element-c94b05c e-con-full e-flex e-con e-child\" data-id=\"c94b05c\" data-element_type=\"container\" data-e-type=\"container\" data-settings=\"{&quot;background_background&quot;:&quot;classic&quot;}\">\n\t\t\t\t<div class=\"elementor-element elementor-element-ff5cd53 elementor-widget__width-initial elementor-widget elementor-widget-heading\" data-id=\"ff5cd53\" data-element_type=\"widget\" data-e-type=\"widget\" data-widget_type=\"heading.default\">\n\t\t\t\t\t<h2 class=\"elementor-heading-title elementor-size-default\">Des PME comme la v\u00f4tre nous font confiance.<\/h2>\t\t\t\t<\/div>\n\t\t\t\t<div class=\"elementor-element elementor-element-b67afb9 elementor-widget elementor-widget-text-editor\" data-id=\"b67afb9\" data-element_type=\"widget\" data-e-type=\"widget\" data-widget_type=\"text-editor.default\">\n\t\t\t\t\t\t\t\t\t<p>Pourquoi pas vous?<\/p>\t\t\t\t\t\t\t\t<\/div>\n\t\t\t\t<div class=\"elementor-element elementor-element-5f3e470 elementor-widget elementor-widget-button\" data-id=\"5f3e470\" data-element_type=\"widget\" data-e-type=\"widget\" data-widget_type=\"button.default\">\n\t\t\t\t\t\t\t\t\t\t<a class=\"elementor-button elementor-button-link elementor-size-sm\" href=\"#contact\">\n\t\t\t\t\t\t<span class=\"elementor-button-content-wrapper\">\n\t\t\t\t\t\t\t\t\t<span class=\"elementor-button-text\">Contactez-nous!<\/span>\n\t\t\t\t\t<\/span>\n\t\t\t\t\t<\/a>\n\t\t\t\t\t\t\t\t<\/div>\n\t\t\t\t<\/div>\n\t\t<div class=\"elementor-element elementor-element-31250d4 e-con-full e-flex e-con e-child\" data-id=\"31250d4\" data-element_type=\"container\" data-e-type=\"container\" data-settings=\"{&quot;background_background&quot;:&quot;classic&quot;}\">\n\t\t\t\t<\/div>\n\t\t\t\t\t<\/div>\n\t\t\t\t<\/div>\n\t\t\t\t<\/div>\n\t\t","protected":false},"excerpt":{"rendered":"<p>Votre assurance collective vous co\u00fbte trop cher? Il existe une meilleure option. Obtenir mon comparatif gratuit Gratuit \u2022 Sans engagement \u2022 30 minutes \u2022 Conseillers sp\u00e9cialis\u00e9s \u2022 Gratuit \u2022 Sans engagement \u2022 30 minutes \u2022 Conseillers sp\u00e9cialis\u00e9s \u2022 Pourquoi les PME choisissent le R\u00e9gime des chambres\u2028de commerce Le plus grand regroupement d&#8217;assurance collective pour PME [&hellip;]<\/p>\n","protected":false},"author":1,"featured_media":0,"parent":0,"menu_order":0,"comment_status":"closed","ping_status":"closed","template":"elementor_header_footer","meta":{"footnotes":""},"class_list":["post-9","page","type-page","status-publish","hentry"],"_links":{"self":[{"href":"https:\/\/serconam.sltm.ca\/index.php?rest_route=\/wp\/v2\/pages\/9","targetHints":{"allow":["GET"]}}],"collection":[{"href":"https:\/\/serconam.sltm.ca\/index.php?rest_route=\/wp\/v2\/pages"}],"about":[{"href":"https:\/\/serconam.sltm.ca\/index.php?rest_route=\/wp\/v2\/types\/page"}],"author":[{"embeddable":true,"href":"https:\/\/serconam.sltm.ca\/index.php?rest_route=\/wp\/v2\/users\/1"}],"replies":[{"embeddable":true,"href":"https:\/\/serconam.sltm.ca\/index.php?rest_route=%2Fwp%2Fv2%2Fcomments&post=9"}],"version-history":[{"count":25,"href":"https:\/\/serconam.sltm.ca\/index.php?rest_route=\/wp\/v2\/pages\/9\/revisions"}],"predecessor-version":[{"id":83,"href":"https:\/\/serconam.sltm.ca\/index.php?rest_route=\/wp\/v2\/pages\/9\/revisions\/83"}],"wp:attachment":[{"href":"https:\/\/serconam.sltm.ca\/index.php?rest_route=%2Fwp%2Fv2%2Fmedia&parent=9"}],"curies":[{"name":"wp","href":"https:\/\/api.w.org\/{rel}","templated":true}]}}